{"id":375,"date":"2019-09-05T06:25:46","date_gmt":"2019-09-05T06:25:46","guid":{"rendered":"http:\/\/blog.valamar.com\/about-us\/"},"modified":"2025-10-16T12:43:12","modified_gmt":"2025-10-16T12:43:12","slug":"uber-uns","status":"publish","type":"page","link":"https:\/\/blog.valamar.com\/de\/uber-uns\/","title":{"rendered":"\u00dcber uns"},"content":{"rendered":"<h2 class=\"page-title\" style=\"text-align: center;\">Willkommen auf unserem Blog!<\/h2>\n<div class=\"simple-quote\" style=\"text-align: center;\"><strong>Mit gro\u00dfer Freude bringen wir diesen Blog zu euch, damit ihr einen perfekten Urlaub in Kroatien planen und erleben k\u00f6nnt.<\/strong><\/div>\n<p><span style=\"font-weight: 400;\">Wir sind Valamar, ein kroatisches Hotelunternehmen, das sich mit wundersch\u00f6nen Resorts die Adriak\u00fcste entlang und auf den Inseln sowie einem beispiellosen Dienstleistungsniveau und Expertise im Bereich Gastfreundschaft und Tourismus auszeichnet.<\/span><\/p>\n<p><span style=\"font-weight: 400;\">Das Ziel dieses Blogs ist, euch \u00fcber Reiseziele, Erfahrungen und Ereignisse zu erz\u00e4hlen, die auf euch an der kroatischen K\u00fcste warten, so dass ihr euren unvergesslichen Urlaub sorgf\u00e4ltig planen k\u00f6nnt. <\/span><\/p>\n<p><span style=\"font-weight: 400;\">Entspannt euch und genie\u00dft die Artikel und die Fotos zugleich. Vergesst jedoch nicht, dass wir immer wieder neue Inhalte ver\u00f6ffentlichen werden, um euch auf dem Laufenden zu halten und gleichzeitig anlocken, uns in Kroatien zu besuchen.<\/span><\/p>\n<p>&nbsp;<\/p>\n<h2 style=\"text-align: center;\"><strong>Einen wundersch\u00f6nen Urlaub w\u00fcnschen wir euch!<\/strong><\/h2>\n<div class=\"hv-devider\"><\/div>\n<h2 style=\"text-align: center;\">Basic Information<\/h2>\n<p>Company name: Valamar Riviera dioni\u010dko dru\u0161tvo za turizam<br \/>\nAbbreviated company name: Valamar Riviera d.d.<br \/>\nRegistered head office: Stancija Kaligari 1, 52440 Pore\u010d<\/p>\n<p>T: +385 52 408 002<br \/>\nF: +385 52 451 608<br \/>\nE: info@valamar.com<br \/>\nCourt of registration: Pazin Commercial Court<br \/>\nRegistration No. (MBS): 040020883<br \/>\nCorporate id. No. (MBS): 3474771<br \/>\nPersonal identification No. (OIB): 36201212847<\/p>\n<p>Equity: EUR 221,915,350.00, fully paid in, 126,027,542 ordinary shares, without nominal amount<br \/>\nRegistered activity: core activity &#8211; hospitality and tourism and other associated activities which facilitate the performance of core activities.<\/p>\n<span class=\"collapseomatic \" id=\"id69f70f739a8dd\"  tabindex=\"0\" title=\"Domestic bank accounts\"    >Domestic bank accounts<\/span><div id=\"target-id69f70f739a8dd\" class=\"collapseomatic_content \">\n<p>IBAN: HR41 2360 0001 1013 19202 with Zagreba\u010dka banka Unicredit Group d.d. Zagreb<br \/>\nIBAN: HR16 2484 0081 1021 34625 with Raiffeisenbank Austria d.d. Zagreb<br \/>\nIBAN: HR06 2402 0061 1003 89454 with Erste &amp; Steierm\u00e4rkische Bank d.d. Rijeka<br \/>\nIBAN: HR47 2340 0091 1001 53498 with Privredna banka Zagreb d.d. Zagreb<br \/>\nIBAN: HR74 2380 0061 1100 09020 with Istarska kreditna banka Umag d.d. Umag<br \/>\nIBAN: HR90 2503 0071 1000 39991 with Sberbank d.d. Zagreb<br \/>\nIBAN: HR47 2407 0001 1003 65752 with OTP bank d.d. Split<br \/>\nIBAN: HR26 2500 0091 1010 24767 with Addiko bank d.d. Zagreb<\/p>\n<\/div>\n<span class=\"collapseomatic \" id=\"id69f70f739aad5\"  tabindex=\"0\" title=\"Foreign bank accounts\"    >Foreign bank accounts<\/span><div id=\"target-id69f70f739aad5\" class=\"collapseomatic_content \">\n<p>IBAN: HR4123600001101319202, SWIFT: ZABAHR2X with Zagreba\u010dka banka Unicredit Group d.d. Zagreb<br \/>\nIBAN: HR1624840081102134625 SWIFT: RZBHHR2X with Raiffeisenbank Austria d.d. Zagreb<br \/>\nIBAN: HR0624020061100389454 SWIFT: ESBCHR22 with Erste &amp; Steierm\u00e4rkische Bank d.d. Rijeka<br \/>\nIBAN: HR4723400091100153498 SWIFT: PBZGHR2X with Privredna banka Zagreb d.d. Zagreb<br \/>\nIBAN: HR7423800061110009020, SWIFT:ISKBHR2X with Istarska kreditna banka Umag d.d. Umag<br \/>\nIBAN: HR9025030071100039991, SWIFT:VBCRHR22 with Sberbank d.d. Zagreb<br \/>\nIBAN: HR4724070001100365752, SWIFT: OTPVHR2X with OTP bank d.d. Split<br \/>\nIBAN: HR2625000091101024767 SWIFT: HAABHR22 with Addiko bank d.d. Zagreb<\/p>\n<\/div>\n<span class=\"collapseomatic \" id=\"id69f70f739ab7d\"  tabindex=\"0\" title=\"Supervisory Board\"    >Supervisory Board<\/span><div id=\"target-id69f70f739ab7d\" class=\"collapseomatic_content \">\n<p><a href=\"https:\/\/valamar-riviera.com\/en\/about-us\/\">The Company\u2019s Supervisory Board<\/a><\/p>\n<\/div>\n","protected":false},"excerpt":{"rendered":"Willkommen auf unserem Blog! Mit gro\u00dfer Freude bringen wir diesen Blog zu euch, damit ihr einen perfekten Urlaub in Kroatien planen und erleben k\u00f6nnt. Wir sind Valamar, ein kroatisches Hotelunternehmen, das sich mit wundersch\u00f6nen Resorts die Adriak\u00fcste entlang und auf den Inseln sowie einem beispiellosen Dienstleistungsniveau und Expertise im Bereich Gastfreundschaft und Tourismus auszeichnet. Das&#8230;","protected":false},"author":8,"featured_media":0,"parent":0,"menu_order":0,"comment_status":"closed","ping_status":"closed","template":"","meta":{"_acf_changed":false,"footnotes":""},"class_list":["post-375","page","type-page","status-publish","hentry"],"acf":[],"yoast_head":"<!-- This site is optimized with the Yoast SEO plugin v26.1.1 - https:\/\/yoast.com\/wordpress\/plugins\/seo\/ -->\n<title>\u00dcber uns - Immer Meer. Kroatien.<\/title>\n<meta name=\"description\" content=\"Wir sind Valamar, ein kroatisches Hotelunternehmen, das sich mit wundersch\u00f6nen Resorts die Adriak\u00fcste entlang und auf den Inseln.\" \/>\n<meta name=\"robots\" content=\"index, follow, max-snippet:-1, max-image-preview:large, max-video-preview:-1\" \/>\n<link rel=\"canonical\" href=\"https:\/\/blog.valamar.com\/de\/uber-uns\/\" \/>\n<meta property=\"og:locale\" content=\"de_DE\" \/>\n<meta property=\"og:type\" content=\"article\" \/>\n<meta property=\"og:title\" content=\"\u00dcber uns\" \/>\n<meta property=\"og:description\" content=\"Wir sind Valamar, ein kroatisches Hotelunternehmen, das sich mit wundersch\u00f6nen Resorts die Adriak\u00fcste entlang und auf den Inseln.\" \/>\n<meta property=\"og:url\" content=\"https:\/\/blog.valamar.com\/de\/uber-uns\/\" \/>\n<meta property=\"og:site_name\" content=\"Immer Meer. Kroatien.\" \/>\n<meta property=\"article:modified_time\" content=\"2025-10-16T12:43:12+00:00\" \/>\n<meta property=\"og:image\" content=\"https:\/\/blog.valamar.com\/wp-content\/uploads\/2020\/04\/About_Us_Valamar_Blog.jpg\" \/>\n\t<meta property=\"og:image:width\" content=\"1920\" \/>\n\t<meta property=\"og:image:height\" content=\"809\" \/>\n\t<meta property=\"og:image:type\" content=\"image\/jpeg\" \/>\n<meta name=\"twitter:card\" content=\"summary_large_image\" \/>\n<meta name=\"twitter:label1\" content=\"Gesch\u00e4tzte Lesezeit\" \/>\n\t<meta name=\"twitter:data1\" content=\"2\u00a0Minuten\" \/>\n<script type=\"application\/ld+json\" class=\"yoast-schema-graph\">{\"@context\":\"https:\/\/schema.org\",\"@graph\":[{\"@type\":\"WebPage\",\"@id\":\"https:\/\/blog.valamar.com\/de\/uber-uns\/\",\"url\":\"https:\/\/blog.valamar.com\/de\/uber-uns\/\",\"name\":\"\u00dcber uns - Immer Meer. Kroatien.\",\"isPartOf\":{\"@id\":\"https:\/\/blog.valamar.com\/de\/#website\"},\"datePublished\":\"2019-09-05T06:25:46+00:00\",\"dateModified\":\"2025-10-16T12:43:12+00:00\",\"description\":\"Wir sind Valamar, ein kroatisches Hotelunternehmen, das sich mit wundersch\u00f6nen Resorts die Adriak\u00fcste entlang und auf den Inseln.\",\"breadcrumb\":{\"@id\":\"https:\/\/blog.valamar.com\/de\/uber-uns\/#breadcrumb\"},\"inLanguage\":\"de\",\"potentialAction\":[{\"@type\":\"ReadAction\",\"target\":[\"https:\/\/blog.valamar.com\/de\/uber-uns\/\"]}]},{\"@type\":\"BreadcrumbList\",\"@id\":\"https:\/\/blog.valamar.com\/de\/uber-uns\/#breadcrumb\",\"itemListElement\":[{\"@type\":\"ListItem\",\"position\":1,\"name\":\"Home\",\"item\":\"https:\/\/blog.valamar.com\/de\/\"},{\"@type\":\"ListItem\",\"position\":2,\"name\":\"\u00dcber uns\"}]},{\"@type\":\"WebSite\",\"@id\":\"https:\/\/blog.valamar.com\/de\/#website\",\"url\":\"https:\/\/blog.valamar.com\/de\/\",\"name\":\"Immer Meer. Kroatien.\",\"description\":\"Blog \u00fcber einen perfekten Urlaub in Kroatien\",\"potentialAction\":[{\"@type\":\"SearchAction\",\"target\":{\"@type\":\"EntryPoint\",\"urlTemplate\":\"https:\/\/blog.valamar.com\/de\/?s={search_term_string}\"},\"query-input\":{\"@type\":\"PropertyValueSpecification\",\"valueRequired\":true,\"valueName\":\"search_term_string\"}}],\"inLanguage\":\"de\"}]}<\/script>\n<!-- \/ Yoast SEO plugin. -->","yoast_head_json":{"title":"\u00dcber uns - Immer Meer. Kroatien.","description":"Wir sind Valamar, ein kroatisches Hotelunternehmen, das sich mit wundersch\u00f6nen Resorts die Adriak\u00fcste entlang und auf den Inseln.","robots":{"index":"index","follow":"follow","max-snippet":"max-snippet:-1","max-image-preview":"max-image-preview:large","max-video-preview":"max-video-preview:-1"},"canonical":"https:\/\/blog.valamar.com\/de\/uber-uns\/","og_locale":"de_DE","og_type":"article","og_title":"\u00dcber uns","og_description":"Wir sind Valamar, ein kroatisches Hotelunternehmen, das sich mit wundersch\u00f6nen Resorts die Adriak\u00fcste entlang und auf den Inseln.","og_url":"https:\/\/blog.valamar.com\/de\/uber-uns\/","og_site_name":"Immer Meer. Kroatien.","article_modified_time":"2025-10-16T12:43:12+00:00","og_image":[{"width":1920,"height":809,"url":"https:\/\/blog.valamar.com\/wp-content\/uploads\/2020\/04\/About_Us_Valamar_Blog.jpg","type":"image\/jpeg"}],"twitter_card":"summary_large_image","twitter_misc":{"Gesch\u00e4tzte Lesezeit":"2\u00a0Minuten"},"schema":{"@context":"https:\/\/schema.org","@graph":[{"@type":"WebPage","@id":"https:\/\/blog.valamar.com\/de\/uber-uns\/","url":"https:\/\/blog.valamar.com\/de\/uber-uns\/","name":"\u00dcber uns - Immer Meer. Kroatien.","isPartOf":{"@id":"https:\/\/blog.valamar.com\/de\/#website"},"datePublished":"2019-09-05T06:25:46+00:00","dateModified":"2025-10-16T12:43:12+00:00","description":"Wir sind Valamar, ein kroatisches Hotelunternehmen, das sich mit wundersch\u00f6nen Resorts die Adriak\u00fcste entlang und auf den Inseln.","breadcrumb":{"@id":"https:\/\/blog.valamar.com\/de\/uber-uns\/#breadcrumb"},"inLanguage":"de","potentialAction":[{"@type":"ReadAction","target":["https:\/\/blog.valamar.com\/de\/uber-uns\/"]}]},{"@type":"BreadcrumbList","@id":"https:\/\/blog.valamar.com\/de\/uber-uns\/#breadcrumb","itemListElement":[{"@type":"ListItem","position":1,"name":"Home","item":"https:\/\/blog.valamar.com\/de\/"},{"@type":"ListItem","position":2,"name":"\u00dcber uns"}]},{"@type":"WebSite","@id":"https:\/\/blog.valamar.com\/de\/#website","url":"https:\/\/blog.valamar.com\/de\/","name":"Immer Meer. Kroatien.","description":"Blog \u00fcber einen perfekten Urlaub in Kroatien","potentialAction":[{"@type":"SearchAction","target":{"@type":"EntryPoint","urlTemplate":"https:\/\/blog.valamar.com\/de\/?s={search_term_string}"},"query-input":{"@type":"PropertyValueSpecification","valueRequired":true,"valueName":"search_term_string"}}],"inLanguage":"de"}]}},"_links":{"self":[{"href":"https:\/\/blog.valamar.com\/de\/wp-json\/wp\/v2\/pages\/375","targetHints":{"allow":["GET"]}}],"collection":[{"href":"https:\/\/blog.valamar.com\/de\/wp-json\/wp\/v2\/pages"}],"about":[{"href":"https:\/\/blog.valamar.com\/de\/wp-json\/wp\/v2\/types\/page"}],"author":[{"embeddable":true,"href":"https:\/\/blog.valamar.com\/de\/wp-json\/wp\/v2\/users\/8"}],"replies":[{"embeddable":true,"href":"https:\/\/blog.valamar.com\/de\/wp-json\/wp\/v2\/comments?post=375"}],"version-history":[{"count":16,"href":"https:\/\/blog.valamar.com\/de\/wp-json\/wp\/v2\/pages\/375\/revisions"}],"predecessor-version":[{"id":15843,"href":"https:\/\/blog.valamar.com\/de\/wp-json\/wp\/v2\/pages\/375\/revisions\/15843"}],"wp:attachment":[{"href":"https:\/\/blog.valamar.com\/de\/wp-json\/wp\/v2\/media?parent=375"}],"curies":[{"name":"wp","href":"https:\/\/api.w.org\/{rel}","templated":true}]}}